{"id":1723,"date":"2017-06-12T12:57:15","date_gmt":"2017-06-12T10:57:15","guid":{"rendered":"https:\/\/www.ks-recycling.de\/start\/"},"modified":"2024-08-20T17:11:16","modified_gmt":"2024-08-20T15:11:16","slug":"start","status":"publish","type":"page","link":"https:\/\/www.ks-recycling.de\/fr\/","title":{"rendered":"Accueil"},"content":{"rendered":"","protected":false},"excerpt":{"rendered":"","protected":false},"author":1,"featured_media":0,"parent":0,"menu_order":53,"comment_status":"closed","ping_status":"closed","template":"temp_flex.php","meta":{"_acf_changed":false,"footnotes":""},"class_list":["post-1723","page","type-page","status-publish","hentry"],"acf":[],"yoast_head":"<!-- This site is optimized with the Yoast SEO plugin v23.6 - https:\/\/yoast.com\/wordpress\/plugins\/seo\/ -->\n<title>Accueil &#8211; KS-Recycling<\/title>\n<meta name=\"description\" content=\"Le groupe KSR applique les normes les plus rigoureuses, \u00e0 la fois \u00e9conomiques, \u00e9cologiques et sociales. En tant que partenaire pour l\u2019\u00e9limination des d\u00e9chets, il jouit d\u2019une forte perception sociale de la part d\u2019un grand nombre d\u2019entreprises. Quiconque travaille \u00e0 nos c\u00f4t\u00e9s joue \u00ab dans la premi\u00e8re division \u00bb en mati\u00e8re de gestion des d\u00e9chets et de protection de l\u2019environnement.\" \/>\n<meta name=\"robots\" content=\"index, follow, max-snippet:-1, max-image-preview:large, max-video-preview:-1\" \/>\n<link rel=\"canonical\" href=\"https:\/\/www.ks-recycling.de\/fr\/\" \/>\n<meta property=\"og:locale\" content=\"fr_FR\" \/>\n<meta property=\"og:type\" content=\"article\" \/>\n<meta property=\"og:title\" content=\"Accueil &#8211; KS-Recycling\" \/>\n<meta property=\"og:description\" content=\"Le groupe KSR applique les normes les plus rigoureuses, \u00e0 la fois \u00e9conomiques, \u00e9cologiques et sociales. En tant que partenaire pour l\u2019\u00e9limination des d\u00e9chets, il jouit d\u2019une forte perception sociale de la part d\u2019un grand nombre d\u2019entreprises. Quiconque travaille \u00e0 nos c\u00f4t\u00e9s joue \u00ab dans la premi\u00e8re division \u00bb en mati\u00e8re de gestion des d\u00e9chets et de protection de l\u2019environnement.\" \/>\n<meta property=\"og:url\" content=\"https:\/\/www.ks-recycling.de\/fr\/\" \/>\n<meta property=\"og:site_name\" content=\"KS-Recycling\" \/>\n<meta property=\"article:publisher\" content=\"https:\/\/www.facebook.com\/ksrecyclingsonsbeck\/\" \/>\n<meta property=\"article:modified_time\" content=\"2024-08-20T15:11:16+00:00\" \/>\n<meta name=\"twitter:card\" content=\"summary_large_image\" \/>\n<script type=\"application\/ld+json\" class=\"yoast-schema-graph\">{\"@context\":\"https:\/\/schema.org\",\"@graph\":[{\"@type\":\"WebPage\",\"@id\":\"https:\/\/www.ks-recycling.de\/fr\/\",\"url\":\"https:\/\/www.ks-recycling.de\/fr\/\",\"name\":\"Accueil &#8211; KS-Recycling\",\"isPartOf\":{\"@id\":\"https:\/\/www.ks-recycling.de\/fr\/#website\"},\"datePublished\":\"2017-06-12T10:57:15+00:00\",\"dateModified\":\"2024-08-20T15:11:16+00:00\",\"description\":\"Le groupe KSR applique les normes les plus rigoureuses, \u00e0 la fois \u00e9conomiques, \u00e9cologiques et sociales. En tant que partenaire pour l\u2019\u00e9limination des d\u00e9chets, il jouit d\u2019une forte perception sociale de la part d\u2019un grand nombre d\u2019entreprises. Quiconque travaille \u00e0 nos c\u00f4t\u00e9s joue \u00ab dans la premi\u00e8re division \u00bb en mati\u00e8re de gestion des d\u00e9chets et de protection de l\u2019environnement.\",\"breadcrumb\":{\"@id\":\"https:\/\/www.ks-recycling.de\/fr\/#breadcrumb\"},\"inLanguage\":\"fr-FR\",\"potentialAction\":[{\"@type\":\"ReadAction\",\"target\":[\"https:\/\/www.ks-recycling.de\/fr\/\"]}]},{\"@type\":\"BreadcrumbList\",\"@id\":\"https:\/\/www.ks-recycling.de\/fr\/#breadcrumb\",\"itemListElement\":[{\"@type\":\"ListItem\",\"position\":1,\"name\":\"Startseite\",\"item\":\"https:\/\/www.ks-recycling.de\/fr\/\"},{\"@type\":\"ListItem\",\"position\":2,\"name\":\"Accueil\"}]},{\"@type\":\"WebSite\",\"@id\":\"https:\/\/www.ks-recycling.de\/fr\/#website\",\"url\":\"https:\/\/www.ks-recycling.de\/fr\/\",\"name\":\"KS-Recycling\",\"description\":\"\",\"publisher\":{\"@id\":\"https:\/\/www.ks-recycling.de\/fr\/#organization\"},\"potentialAction\":[{\"@type\":\"SearchAction\",\"target\":{\"@type\":\"EntryPoint\",\"urlTemplate\":\"https:\/\/www.ks-recycling.de\/fr\/?s={search_term_string}\"},\"query-input\":{\"@type\":\"PropertyValueSpecification\",\"valueRequired\":true,\"valueName\":\"search_term_string\"}}],\"inLanguage\":\"fr-FR\"},{\"@type\":\"Organization\",\"@id\":\"https:\/\/www.ks-recycling.de\/fr\/#organization\",\"name\":\"KS-Recycling\",\"url\":\"https:\/\/www.ks-recycling.de\/fr\/\",\"logo\":{\"@type\":\"ImageObject\",\"inLanguage\":\"fr-FR\",\"@id\":\"https:\/\/www.ks-recycling.de\/fr\/#\/schema\/logo\/image\/\",\"url\":\"https:\/\/www.ks-recycling.de\/data\/2017\/10\/KSR_Logo2.png\",\"contentUrl\":\"https:\/\/www.ks-recycling.de\/data\/2017\/10\/KSR_Logo2.png\",\"width\":401,\"height\":274,\"caption\":\"KS-Recycling\"},\"image\":{\"@id\":\"https:\/\/www.ks-recycling.de\/fr\/#\/schema\/logo\/image\/\"},\"sameAs\":[\"https:\/\/www.facebook.com\/ksrecyclingsonsbeck\/\"]}]}<\/script>\n<!-- \/ Yoast SEO plugin. -->","yoast_head_json":{"title":"Accueil &#8211; KS-Recycling","description":"Le groupe KSR applique les normes les plus rigoureuses, \u00e0 la fois \u00e9conomiques, \u00e9cologiques et sociales. En tant que partenaire pour l\u2019\u00e9limination des d\u00e9chets, il jouit d\u2019une forte perception sociale de la part d\u2019un grand nombre d\u2019entreprises. Quiconque travaille \u00e0 nos c\u00f4t\u00e9s joue \u00ab dans la premi\u00e8re division \u00bb en mati\u00e8re de gestion des d\u00e9chets et de protection de l\u2019environnement.","robots":{"index":"index","follow":"follow","max-snippet":"max-snippet:-1","max-image-preview":"max-image-preview:large","max-video-preview":"max-video-preview:-1"},"canonical":"https:\/\/www.ks-recycling.de\/fr\/","og_locale":"fr_FR","og_type":"article","og_title":"Accueil &#8211; KS-Recycling","og_description":"Le groupe KSR applique les normes les plus rigoureuses, \u00e0 la fois \u00e9conomiques, \u00e9cologiques et sociales. En tant que partenaire pour l\u2019\u00e9limination des d\u00e9chets, il jouit d\u2019une forte perception sociale de la part d\u2019un grand nombre d\u2019entreprises. Quiconque travaille \u00e0 nos c\u00f4t\u00e9s joue \u00ab dans la premi\u00e8re division \u00bb en mati\u00e8re de gestion des d\u00e9chets et de protection de l\u2019environnement.","og_url":"https:\/\/www.ks-recycling.de\/fr\/","og_site_name":"KS-Recycling","article_publisher":"https:\/\/www.facebook.com\/ksrecyclingsonsbeck\/","article_modified_time":"2024-08-20T15:11:16+00:00","twitter_card":"summary_large_image","schema":{"@context":"https:\/\/schema.org","@graph":[{"@type":"WebPage","@id":"https:\/\/www.ks-recycling.de\/fr\/","url":"https:\/\/www.ks-recycling.de\/fr\/","name":"Accueil &#8211; KS-Recycling","isPartOf":{"@id":"https:\/\/www.ks-recycling.de\/fr\/#website"},"datePublished":"2017-06-12T10:57:15+00:00","dateModified":"2024-08-20T15:11:16+00:00","description":"Le groupe KSR applique les normes les plus rigoureuses, \u00e0 la fois \u00e9conomiques, \u00e9cologiques et sociales. En tant que partenaire pour l\u2019\u00e9limination des d\u00e9chets, il jouit d\u2019une forte perception sociale de la part d\u2019un grand nombre d\u2019entreprises. Quiconque travaille \u00e0 nos c\u00f4t\u00e9s joue \u00ab dans la premi\u00e8re division \u00bb en mati\u00e8re de gestion des d\u00e9chets et de protection de l\u2019environnement.","breadcrumb":{"@id":"https:\/\/www.ks-recycling.de\/fr\/#breadcrumb"},"inLanguage":"fr-FR","potentialAction":[{"@type":"ReadAction","target":["https:\/\/www.ks-recycling.de\/fr\/"]}]},{"@type":"BreadcrumbList","@id":"https:\/\/www.ks-recycling.de\/fr\/#breadcrumb","itemListElement":[{"@type":"ListItem","position":1,"name":"Startseite","item":"https:\/\/www.ks-recycling.de\/fr\/"},{"@type":"ListItem","position":2,"name":"Accueil"}]},{"@type":"WebSite","@id":"https:\/\/www.ks-recycling.de\/fr\/#website","url":"https:\/\/www.ks-recycling.de\/fr\/","name":"KS-Recycling","description":"","publisher":{"@id":"https:\/\/www.ks-recycling.de\/fr\/#organization"},"potentialAction":[{"@type":"SearchAction","target":{"@type":"EntryPoint","urlTemplate":"https:\/\/www.ks-recycling.de\/fr\/?s={search_term_string}"},"query-input":{"@type":"PropertyValueSpecification","valueRequired":true,"valueName":"search_term_string"}}],"inLanguage":"fr-FR"},{"@type":"Organization","@id":"https:\/\/www.ks-recycling.de\/fr\/#organization","name":"KS-Recycling","url":"https:\/\/www.ks-recycling.de\/fr\/","logo":{"@type":"ImageObject","inLanguage":"fr-FR","@id":"https:\/\/www.ks-recycling.de\/fr\/#\/schema\/logo\/image\/","url":"https:\/\/www.ks-recycling.de\/data\/2017\/10\/KSR_Logo2.png","contentUrl":"https:\/\/www.ks-recycling.de\/data\/2017\/10\/KSR_Logo2.png","width":401,"height":274,"caption":"KS-Recycling"},"image":{"@id":"https:\/\/www.ks-recycling.de\/fr\/#\/schema\/logo\/image\/"},"sameAs":["https:\/\/www.facebook.com\/ksrecyclingsonsbeck\/"]}]}},"_links":{"self":[{"href":"https:\/\/www.ks-recycling.de\/fr\/wp-json\/wp\/v2\/pages\/1723"}],"collection":[{"href":"https:\/\/www.ks-recycling.de\/fr\/wp-json\/wp\/v2\/pages"}],"about":[{"href":"https:\/\/www.ks-recycling.de\/fr\/wp-json\/wp\/v2\/types\/page"}],"author":[{"embeddable":true,"href":"https:\/\/www.ks-recycling.de\/fr\/wp-json\/wp\/v2\/users\/1"}],"replies":[{"embeddable":true,"href":"https:\/\/www.ks-recycling.de\/fr\/wp-json\/wp\/v2\/comments?post=1723"}],"version-history":[{"count":3,"href":"https:\/\/www.ks-recycling.de\/fr\/wp-json\/wp\/v2\/pages\/1723\/revisions"}],"predecessor-version":[{"id":4017,"href":"https:\/\/www.ks-recycling.de\/fr\/wp-json\/wp\/v2\/pages\/1723\/revisions\/4017"}],"wp:attachment":[{"href":"https:\/\/www.ks-recycling.de\/fr\/wp-json\/wp\/v2\/media?parent=1723"}],"curies":[{"name":"wp","href":"https:\/\/api.w.org\/{rel}","templated":true}]}}